{"id":138,"date":"2024-01-06T23:10:32","date_gmt":"2024-01-06T23:10:32","guid":{"rendered":"https:\/\/www.productsearch-chile.cl\/?page_id=138"},"modified":"2025-10-20T01:14:07","modified_gmt":"2025-10-20T01:14:07","slug":"control-de-calidad","status":"publish","type":"page","link":"https:\/\/www.productsearch-chile.cl\/index.php\/control-de-calidad\/","title":{"rendered":"\ud83c\udfaf Importancia de la Planificaci\u00f3n Estrat\u00e9gica"},"content":{"rendered":"\n<h3 class=\"wp-block-heading\"><strong>Importancia de la Planificaci\u00f3n Estrat\u00e9gica<\/strong><\/h3>\n\n\n\n<p>Los tiempos cambian, las formas evolucionan, pero la <strong>planificaci\u00f3n estrat\u00e9gica<\/strong> sigue siendo un pilar esencial para toda organizaci\u00f3n. A trav\u00e9s de ella, una empresa puede <strong>definir una direcci\u00f3n clara<\/strong>, establecer <strong>metas alcanzables<\/strong>, identificar <strong>oportunidades y amenazas<\/strong>, y dise\u00f1ar <strong>estrategias efectivas<\/strong> para asegurar su \u00e9xito a largo plazo.<\/p>\n\n\n\n<p>Algunas de las principales razones para implementar un proceso de planificaci\u00f3n estrat\u00e9gica son:<\/p>\n\n\n\n<ol>\n<li><strong>Definir visi\u00f3n y misi\u00f3n:<\/strong> Permite establecer el prop\u00f3sito y la direcci\u00f3n de la empresa, alineando los esfuerzos de toda la organizaci\u00f3n hacia un mismo objetivo.<\/li>\n\n\n\n<li><strong>Detectar oportunidades y amenazas:<\/strong> Facilita la comprensi\u00f3n del entorno competitivo, las tendencias del mercado y los factores externos que pueden influir en el desempe\u00f1o empresarial.<\/li>\n\n\n\n<li><strong>Fijar objetivos claros y medibles:<\/strong> Ayuda a orientar los esfuerzos hacia resultados concretos y evaluables, optimizando la gesti\u00f3n del desempe\u00f1o.<\/li>\n\n\n\n<li><strong>Dise\u00f1ar estrategias efectivas:<\/strong> Permite elaborar planes de acci\u00f3n coherentes con los recursos, capacidades y desaf\u00edos del entorno.<\/li>\n\n\n\n<li><strong>Optimizar la asignaci\u00f3n de recursos:<\/strong> Favorece el uso eficiente de los recursos humanos, financieros y tecnol\u00f3gicos para alcanzar las metas definidas.<\/li>\n\n\n\n<li><strong>Monitorear y ajustar el desempe\u00f1o:<\/strong> Facilita la evaluaci\u00f3n continua del progreso y la toma de decisiones oportunas para mantener la efectividad de la estrategia.<\/li>\n<\/ol>\n\n\n\n<p>En s\u00edntesis, la <strong>planificaci\u00f3n estrat\u00e9gica<\/strong> es la base para que una empresa <strong>enfrente con \u00e9xito los desaf\u00edos del entorno<\/strong>, <strong>aproveche nuevas oportunidades<\/strong> y consolide una <strong>ventaja competitiva sostenible<\/strong> en el tiempo<\/p>\n\n\n\n<figure class=\"wp-block-image size-full\"><img loading=\"lazy\" decoding=\"async\" width=\"612\" height=\"408\" src=\"https:\/\/www.productsearch-chile.cl\/wp-content\/uploads\/2024\/02\/istockphoto-1394458212-612x612-1.jpg\" alt=\"\" class=\"wp-image-339\" srcset=\"https:\/\/www.productsearch-chile.cl\/wp-content\/uploads\/2024\/02\/istockphoto-1394458212-612x612-1.jpg 612w, https:\/\/www.productsearch-chile.cl\/wp-content\/uploads\/2024\/02\/istockphoto-1394458212-612x612-1-300x200.jpg 300w\" sizes=\"(max-width: 612px) 100vw, 612px\" \/><\/figure>\n\n\n\n<figure class=\"wp-block-image size-full\"><img loading=\"lazy\" decoding=\"async\" width=\"612\" height=\"408\" src=\"https:\/\/www.productsearch-chile.cl\/wp-content\/uploads\/2024\/02\/istockphoto-1478942981-612x612-1.jpg\" alt=\"\" class=\"wp-image-340\" srcset=\"https:\/\/www.productsearch-chile.cl\/wp-content\/uploads\/2024\/02\/istockphoto-1478942981-612x612-1.jpg 612w, https:\/\/www.productsearch-chile.cl\/wp-content\/uploads\/2024\/02\/istockphoto-1478942981-612x612-1-300x200.jpg 300w\" sizes=\"(max-width: 612px) 100vw, 612px\" \/><\/figure>\n","protected":false},"excerpt":{"rendered":"<p>Importancia de la Planificaci\u00f3n Estrat\u00e9gica Los tiempos cambian, las formas evolucionan, pero la planificaci\u00f3n estrat\u00e9gica sigue siendo un pilar esencial para toda organizaci\u00f3n. A trav\u00e9s de ella, una empresa puede definir una direcci\u00f3n clara, establecer metas alcanzables, identificar oportunidades y amenazas, y dise\u00f1ar estrategias efectivas para asegurar su \u00e9xito a largo plazo. Algunas de las &hellip; <\/p>\n<p class=\"link-more\"><a href=\"https:\/\/www.productsearch-chile.cl\/index.php\/control-de-calidad\/\" class=\"more-link\">Continua leyendo<span class=\"screen-reader-text\"> &#8220;\ud83c\udfaf Importancia de la Planificaci\u00f3n Estrat\u00e9gica&#8221;<\/span><\/a><\/p>\n","protected":false},"author":1,"featured_media":0,"parent":0,"menu_order":0,"comment_status":"closed","ping_status":"closed","template":"","meta":{"footnotes":""},"_links":{"self":[{"href":"https:\/\/www.productsearch-chile.cl\/index.php\/wp-json\/wp\/v2\/pages\/138"}],"collection":[{"href":"https:\/\/www.productsearch-chile.cl\/index.php\/wp-json\/wp\/v2\/pages"}],"about":[{"href":"https:\/\/www.productsearch-chile.cl\/index.php\/wp-json\/wp\/v2\/types\/page"}],"author":[{"embeddable":true,"href":"https:\/\/www.productsearch-chile.cl\/index.php\/wp-json\/wp\/v2\/users\/1"}],"replies":[{"embeddable":true,"href":"https:\/\/www.productsearch-chile.cl\/index.php\/wp-json\/wp\/v2\/comments?post=138"}],"version-history":[{"count":6,"href":"https:\/\/www.productsearch-chile.cl\/index.php\/wp-json\/wp\/v2\/pages\/138\/revisions"}],"predecessor-version":[{"id":428,"href":"https:\/\/www.productsearch-chile.cl\/index.php\/wp-json\/wp\/v2\/pages\/138\/revisions\/428"}],"wp:attachment":[{"href":"https:\/\/www.productsearch-chile.cl\/index.php\/wp-json\/wp\/v2\/media?parent=138"}],"curies":[{"name":"wp","href":"https:\/\/api.w.org\/{rel}","templated":true}]}}