{"id":142,"date":"2024-01-06T23:11:03","date_gmt":"2024-01-06T23:11:03","guid":{"rendered":"https:\/\/www.productsearch-chile.cl\/?page_id=142"},"modified":"2025-10-20T01:16:17","modified_gmt":"2025-10-20T01:16:17","slug":"adaptacion-a-los-cambios","status":"publish","type":"page","link":"https:\/\/www.productsearch-chile.cl\/index.php\/adaptacion-a-los-cambios\/","title":{"rendered":"\u2705 Gesti\u00f3n Estrat\u00e9gica para Presentaci\u00f3n Proyectos P\u00fablicos"},"content":{"rendered":"\n<p><strong>Asesor\u00eda estrat\u00e9gica para proyectos p\u00fablicos y privados<\/strong><\/p>\n\n\n\n<p>En <strong>Product Search Consulting<\/strong> contamos con amplia experiencia en la <strong>presentaci\u00f3n de proyectos ante entidades p\u00fablicas y privadas<\/strong>, acompa\u00f1ando a las empresas en cada etapa del proceso. Desde la <strong>preparaci\u00f3n t\u00e9cnica y econ\u00f3mica<\/strong>, hasta la <strong>entrega formal y el seguimiento de la propuesta<\/strong>, aseguramos que cada proyecto cumpla con los <strong>requisitos normativos, t\u00e9cnicos y de presentaci\u00f3n<\/strong>, maximizando las posibilidades de aprobaci\u00f3n y financiamiento.<\/p>\n\n\n\n<p>Nuestro enfoque combina <strong>estrategia, precisi\u00f3n y cumplimiento<\/strong>, brindando tranquilidad y seguridad a nuestros clientes en la gesti\u00f3n de sus iniciativas.<\/p>\n","protected":false},"excerpt":{"rendered":"<p>Asesor\u00eda estrat\u00e9gica para proyectos p\u00fablicos y privados En Product Search Consulting contamos con amplia experiencia en la presentaci\u00f3n de proyectos ante entidades p\u00fablicas y privadas, acompa\u00f1ando a las empresas en cada etapa del proceso. Desde la preparaci\u00f3n t\u00e9cnica y econ\u00f3mica, hasta la entrega formal y el seguimiento de la propuesta, aseguramos que cada proyecto cumpla &hellip; <\/p>\n<p class=\"link-more\"><a href=\"https:\/\/www.productsearch-chile.cl\/index.php\/adaptacion-a-los-cambios\/\" class=\"more-link\">Continua leyendo<span class=\"screen-reader-text\"> &#8220;\u2705 Gesti\u00f3n Estrat\u00e9gica para Presentaci\u00f3n Proyectos P\u00fablicos&#8221;<\/span><\/a><\/p>\n","protected":false},"author":1,"featured_media":0,"parent":0,"menu_order":0,"comment_status":"closed","ping_status":"closed","template":"","meta":{"footnotes":""},"_links":{"self":[{"href":"https:\/\/www.productsearch-chile.cl\/index.php\/wp-json\/wp\/v2\/pages\/142"}],"collection":[{"href":"https:\/\/www.productsearch-chile.cl\/index.php\/wp-json\/wp\/v2\/pages"}],"about":[{"href":"https:\/\/www.productsearch-chile.cl\/index.php\/wp-json\/wp\/v2\/types\/page"}],"author":[{"embeddable":true,"href":"https:\/\/www.productsearch-chile.cl\/index.php\/wp-json\/wp\/v2\/users\/1"}],"replies":[{"embeddable":true,"href":"https:\/\/www.productsearch-chile.cl\/index.php\/wp-json\/wp\/v2\/comments?post=142"}],"version-history":[{"count":7,"href":"https:\/\/www.productsearch-chile.cl\/index.php\/wp-json\/wp\/v2\/pages\/142\/revisions"}],"predecessor-version":[{"id":431,"href":"https:\/\/www.productsearch-chile.cl\/index.php\/wp-json\/wp\/v2\/pages\/142\/revisions\/431"}],"wp:attachment":[{"href":"https:\/\/www.productsearch-chile.cl\/index.php\/wp-json\/wp\/v2\/media?parent=142"}],"curies":[{"name":"wp","href":"https:\/\/api.w.org\/{rel}","templated":true}]}}