{"id":144,"date":"2024-01-06T23:11:17","date_gmt":"2024-01-06T23:11:17","guid":{"rendered":"https:\/\/www.productsearch-chile.cl\/?page_id=144"},"modified":"2025-10-20T02:05:00","modified_gmt":"2025-10-20T02:05:00","slug":"planificacion-estrategica","status":"publish","type":"page","link":"https:\/\/www.productsearch-chile.cl\/index.php\/planificacion-estrategica\/","title":{"rendered":"\ud83e\uddeaAsesor\u00eda Presentaci\u00f3n a Corfo de Proyectos Ley I+D"},"content":{"rendered":"\n<p><strong>Asesor\u00eda integral para postular y asegurar la viabilidad de proyectos innovadores<\/strong><\/p>\n\n\n\n<p>En <strong>Product Search Consulting<\/strong> acompa\u00f1amos a las empresas en la <strong>preparaci\u00f3n, presentaci\u00f3n y seguimiento<\/strong> de proyectos Ley I+D ante CORFO, asegurando que cumplan con todos los <strong>requisitos t\u00e9cnicos, econ\u00f3micos y legales<\/strong>, aumentando sus posibilidades de aprobaci\u00f3n y financiamiento.<\/p>\n\n\n\n<div data-wp-interactive=\"\" class=\"wp-block-file\"><object data-wp-bind--hidden=\"!selectors.core.file.hasPdfPreview\" hidden class=\"wp-block-file__embed\" data=\"https:\/\/www.productsearch-chile.cl\/wp-content\/uploads\/2025\/10\/Presentacion-Ley-ID-web.pdf\" type=\"application\/pdf\" style=\"width:100%;height:600px\" aria-label=\"Incrustado de Presentacion-Ley-ID-web.\"><\/object><a id=\"wp-block-file--media-e73810c2-ab46-45e3-a82e-ba8d4d118c86\" href=\"https:\/\/www.productsearch-chile.cl\/wp-content\/uploads\/2025\/10\/Presentacion-Ley-ID-web.pdf\">Presentacion-Ley-ID-web<\/a><a href=\"https:\/\/www.productsearch-chile.cl\/wp-content\/uploads\/2025\/10\/Presentacion-Ley-ID-web.pdf\" class=\"wp-block-file__button wp-element-button\" download aria-describedby=\"wp-block-file--media-e73810c2-ab46-45e3-a82e-ba8d4d118c86\">Descargar<\/a><\/div>\n","protected":false},"excerpt":{"rendered":"<p>Asesor\u00eda integral para postular y asegurar la viabilidad de proyectos innovadores En Product Search Consulting acompa\u00f1amos a las empresas en la preparaci\u00f3n, presentaci\u00f3n y seguimiento de proyectos Ley I+D ante CORFO, asegurando que cumplan con todos los requisitos t\u00e9cnicos, econ\u00f3micos y legales, aumentando sus posibilidades de aprobaci\u00f3n y financiamiento.<\/p>\n","protected":false},"author":1,"featured_media":0,"parent":0,"menu_order":0,"comment_status":"closed","ping_status":"closed","template":"","meta":{"footnotes":""},"_links":{"self":[{"href":"https:\/\/www.productsearch-chile.cl\/index.php\/wp-json\/wp\/v2\/pages\/144"}],"collection":[{"href":"https:\/\/www.productsearch-chile.cl\/index.php\/wp-json\/wp\/v2\/pages"}],"about":[{"href":"https:\/\/www.productsearch-chile.cl\/index.php\/wp-json\/wp\/v2\/types\/page"}],"author":[{"embeddable":true,"href":"https:\/\/www.productsearch-chile.cl\/index.php\/wp-json\/wp\/v2\/users\/1"}],"replies":[{"embeddable":true,"href":"https:\/\/www.productsearch-chile.cl\/index.php\/wp-json\/wp\/v2\/comments?post=144"}],"version-history":[{"count":7,"href":"https:\/\/www.productsearch-chile.cl\/index.php\/wp-json\/wp\/v2\/pages\/144\/revisions"}],"predecessor-version":[{"id":445,"href":"https:\/\/www.productsearch-chile.cl\/index.php\/wp-json\/wp\/v2\/pages\/144\/revisions\/445"}],"wp:attachment":[{"href":"https:\/\/www.productsearch-chile.cl\/index.php\/wp-json\/wp\/v2\/media?parent=144"}],"curies":[{"name":"wp","href":"https:\/\/api.w.org\/{rel}","templated":true}]}}