{"id":20,"date":"2020-07-05T02:24:01","date_gmt":"2020-07-05T02:24:01","guid":{"rendered":"http:\/\/www.productsearch-chile.cl\/?page_id=20"},"modified":"2025-10-19T22:51:36","modified_gmt":"2025-10-19T22:51:36","slug":"contactenos","status":"publish","type":"page","link":"https:\/\/www.productsearch-chile.cl\/index.php\/contactenos\/","title":{"rendered":"Contactos"},"content":{"rendered":"<p><strong>Cont\u00e1ctenos<\/strong><\/p>\n<p>Patricia S\u00e1nchez Saavedra.<\/p>\n<p>Directora Corporativa de Proyectos<\/p>\n<p>Magister Estrategia Internacional y Pol\u00edticas Comerciales U.de Chile<\/p>\n<p>psanchez@productsearch-chile.cl<\/p>\n<p>+569 7215 6543<\/p>\n\n\n<figure class=\"wp-block-image size-full\"><img loading=\"lazy\" decoding=\"async\" width=\"578\" height=\"252\" src=\"http:\/\/www.productsearch-chile.cl\/wp-content\/uploads\/2024\/01\/mujeres-proveedoras.jpg\" alt=\"\" class=\"wp-image-90\" srcset=\"https:\/\/www.productsearch-chile.cl\/wp-content\/uploads\/2024\/01\/mujeres-proveedoras.jpg 578w, https:\/\/www.productsearch-chile.cl\/wp-content\/uploads\/2024\/01\/mujeres-proveedoras-300x131.jpg 300w\" sizes=\"(max-width: 578px) 100vw, 578px\" \/><\/figure>\n","protected":false},"excerpt":{"rendered":"<p>Cont\u00e1ctenos Patricia S\u00e1nchez Saavedra. Directora Corporativa de Proyectos Magister Estrategia Internacional y Pol\u00edticas Comerciales U.de Chile psanchez@productsearch-chile.cl +569 7215 6543<\/p>\n","protected":false},"author":1,"featured_media":0,"parent":0,"menu_order":0,"comment_status":"closed","ping_status":"closed","template":"","meta":{"footnotes":""},"_links":{"self":[{"href":"https:\/\/www.productsearch-chile.cl\/index.php\/wp-json\/wp\/v2\/pages\/20"}],"collection":[{"href":"https:\/\/www.productsearch-chile.cl\/index.php\/wp-json\/wp\/v2\/pages"}],"about":[{"href":"https:\/\/www.productsearch-chile.cl\/index.php\/wp-json\/wp\/v2\/types\/page"}],"author":[{"embeddable":true,"href":"https:\/\/www.productsearch-chile.cl\/index.php\/wp-json\/wp\/v2\/users\/1"}],"replies":[{"embeddable":true,"href":"https:\/\/www.productsearch-chile.cl\/index.php\/wp-json\/wp\/v2\/comments?post=20"}],"version-history":[{"count":7,"href":"https:\/\/www.productsearch-chile.cl\/index.php\/wp-json\/wp\/v2\/pages\/20\/revisions"}],"predecessor-version":[{"id":399,"href":"https:\/\/www.productsearch-chile.cl\/index.php\/wp-json\/wp\/v2\/pages\/20\/revisions\/399"}],"wp:attachment":[{"href":"https:\/\/www.productsearch-chile.cl\/index.php\/wp-json\/wp\/v2\/media?parent=20"}],"curies":[{"name":"wp","href":"https:\/\/api.w.org\/{rel}","templated":true}]}}