{"id":202,"date":"2024-01-07T00:01:22","date_gmt":"2024-01-07T00:01:22","guid":{"rendered":"https:\/\/www.productsearch-chile.cl\/?page_id=202"},"modified":"2025-10-20T01:42:57","modified_gmt":"2025-10-20T01:42:57","slug":"jardines-infantiles","status":"publish","type":"page","link":"https:\/\/www.productsearch-chile.cl\/index.php\/jardines-infantiles\/","title":{"rendered":"A.G. P\u00e1rvulo Red"},"content":{"rendered":"\n<p><strong>Alpha Capacita y A.G. P\u00e1rvulo Red<\/strong><br>Alpha Capacita ha capacitado a due\u00f1os, sostenedores y educadoras de la asociaci\u00f3n gremial A.G. P\u00e1rvulo Red en \u00e1reas clave como <strong>Ley Karin, Inteligencia Artificial y Marketing Digital<\/strong>.<\/p>\n\n\n\n<p>\ud83d\udc69\u200d\ud83d\udc67\u200d\ud83d\udc66 <strong>Beneficios para su personal:<\/strong><br>Mantenerse actualizado en estos temas permite a los colaboradores <strong>mejorar sus habilidades profesionales<\/strong>, <strong>adaptarse a cambios normativos y tecnol\u00f3gicos<\/strong>, y <strong>aplicar estrategias innovadoras en su labor diaria<\/strong>, aumentando la <strong>eficiencia, seguridad y competitividad<\/strong> de la instituci\u00f3n educativa.<\/p>\n","protected":false},"excerpt":{"rendered":"<p>Alpha Capacita y A.G. P\u00e1rvulo RedAlpha Capacita ha capacitado a due\u00f1os, sostenedores y educadoras de la asociaci\u00f3n gremial A.G. P\u00e1rvulo Red en \u00e1reas clave como Ley Karin, Inteligencia Artificial y Marketing Digital. \ud83d\udc69\u200d\ud83d\udc67\u200d\ud83d\udc66 Beneficios para su personal:Mantenerse actualizado en estos temas permite a los colaboradores mejorar sus habilidades profesionales, adaptarse a cambios normativos y tecnol\u00f3gicos, &hellip; <\/p>\n<p class=\"link-more\"><a href=\"https:\/\/www.productsearch-chile.cl\/index.php\/jardines-infantiles\/\" class=\"more-link\">Continua leyendo<span class=\"screen-reader-text\"> &#8220;A.G. P\u00e1rvulo Red&#8221;<\/span><\/a><\/p>\n","protected":false},"author":1,"featured_media":0,"parent":0,"menu_order":0,"comment_status":"closed","ping_status":"closed","template":"","meta":{"footnotes":""},"_links":{"self":[{"href":"https:\/\/www.productsearch-chile.cl\/index.php\/wp-json\/wp\/v2\/pages\/202"}],"collection":[{"href":"https:\/\/www.productsearch-chile.cl\/index.php\/wp-json\/wp\/v2\/pages"}],"about":[{"href":"https:\/\/www.productsearch-chile.cl\/index.php\/wp-json\/wp\/v2\/types\/page"}],"author":[{"embeddable":true,"href":"https:\/\/www.productsearch-chile.cl\/index.php\/wp-json\/wp\/v2\/users\/1"}],"replies":[{"embeddable":true,"href":"https:\/\/www.productsearch-chile.cl\/index.php\/wp-json\/wp\/v2\/comments?post=202"}],"version-history":[{"count":5,"href":"https:\/\/www.productsearch-chile.cl\/index.php\/wp-json\/wp\/v2\/pages\/202\/revisions"}],"predecessor-version":[{"id":440,"href":"https:\/\/www.productsearch-chile.cl\/index.php\/wp-json\/wp\/v2\/pages\/202\/revisions\/440"}],"wp:attachment":[{"href":"https:\/\/www.productsearch-chile.cl\/index.php\/wp-json\/wp\/v2\/media?parent=202"}],"curies":[{"name":"wp","href":"https:\/\/api.w.org\/{rel}","templated":true}]}}