{"id":206,"date":"2024-01-07T00:01:46","date_gmt":"2024-01-07T00:01:46","guid":{"rendered":"https:\/\/www.productsearch-chile.cl\/?page_id=206"},"modified":"2025-10-20T01:38:00","modified_gmt":"2025-10-20T01:38:00","slug":"universidad-2","status":"publish","type":"page","link":"https:\/\/www.productsearch-chile.cl\/index.php\/universidad-2\/","title":{"rendered":"Alpha Capacita E.I.R.L"},"content":{"rendered":"\n<p><strong>Alfa Capacita<\/strong> es una empresa chilena dedicada a la formaci\u00f3n profesional y desarrollo de competencias laborales. Ofrece programas de capacitaci\u00f3n con certificaci\u00f3n SENCE, tanto presenciales como en l\u00ednea, adaptados a las necesidades espec\u00edficas de cada cliente. Su misi\u00f3n es potenciar el crecimiento de personas y empresas mediante una educaci\u00f3n de calidad y enfoque pr\u00e1ctico.<\/p>\n\n\n\n<p>\ud83c\udfaf <strong>Importancia de sus servicios en las empresas:<\/strong><\/p>\n\n\n\n<p>La capacitaci\u00f3n continua es esencial para mantener la competitividad en un entorno empresarial din\u00e1mico. Los servicios de Alfa Capacita permiten a las empresas mejorar las habilidades de sus colaboradores, optimizar procesos y adaptarse a cambios tecnol\u00f3gicos y normativos. Esto no solo incrementa la productividad, sino que tambi\u00e9n contribuye a un ambiente laboral m\u00e1s motivado y comprometido.<\/p>\n\n\n\n<p><a href=\"http:\/\/www.alphacapacita.cl\">www.alphacapacita.cl<\/a><\/p>\n\n\n\n<p><\/p>\n\n\n\n<figure class=\"wp-block-image size-full is-resized\"><img loading=\"lazy\" decoding=\"async\" width=\"485\" height=\"485\" src=\"https:\/\/www.productsearch-chile.cl\/wp-content\/uploads\/2024\/02\/LOGO-ALFA-CUADRADO.jpeg\" alt=\"\" class=\"wp-image-317\" style=\"width:674px;height:auto\" srcset=\"https:\/\/www.productsearch-chile.cl\/wp-content\/uploads\/2024\/02\/LOGO-ALFA-CUADRADO.jpeg 485w, https:\/\/www.productsearch-chile.cl\/wp-content\/uploads\/2024\/02\/LOGO-ALFA-CUADRADO-300x300.jpeg 300w, https:\/\/www.productsearch-chile.cl\/wp-content\/uploads\/2024\/02\/LOGO-ALFA-CUADRADO-150x150.jpeg 150w, https:\/\/www.productsearch-chile.cl\/wp-content\/uploads\/2024\/02\/LOGO-ALFA-CUADRADO-100x100.jpeg 100w\" sizes=\"(max-width: 485px) 100vw, 485px\" \/><\/figure>\n\n\n","protected":false},"excerpt":{"rendered":"<p>Alfa Capacita es una empresa chilena dedicada a la formaci\u00f3n profesional y desarrollo de competencias laborales. Ofrece programas de capacitaci\u00f3n con certificaci\u00f3n SENCE, tanto presenciales como en l\u00ednea, adaptados a las necesidades espec\u00edficas de cada cliente. Su misi\u00f3n es potenciar el crecimiento de personas y empresas mediante una educaci\u00f3n de calidad y enfoque pr\u00e1ctico. \ud83c\udfaf &hellip; <\/p>\n<p class=\"link-more\"><a href=\"https:\/\/www.productsearch-chile.cl\/index.php\/universidad-2\/\" class=\"more-link\">Continua leyendo<span class=\"screen-reader-text\"> &#8220;Alpha Capacita E.I.R.L&#8221;<\/span><\/a><\/p>\n","protected":false},"author":1,"featured_media":0,"parent":0,"menu_order":0,"comment_status":"closed","ping_status":"closed","template":"","meta":{"footnotes":""},"_links":{"self":[{"href":"https:\/\/www.productsearch-chile.cl\/index.php\/wp-json\/wp\/v2\/pages\/206"}],"collection":[{"href":"https:\/\/www.productsearch-chile.cl\/index.php\/wp-json\/wp\/v2\/pages"}],"about":[{"href":"https:\/\/www.productsearch-chile.cl\/index.php\/wp-json\/wp\/v2\/types\/page"}],"author":[{"embeddable":true,"href":"https:\/\/www.productsearch-chile.cl\/index.php\/wp-json\/wp\/v2\/users\/1"}],"replies":[{"embeddable":true,"href":"https:\/\/www.productsearch-chile.cl\/index.php\/wp-json\/wp\/v2\/comments?post=206"}],"version-history":[{"count":11,"href":"https:\/\/www.productsearch-chile.cl\/index.php\/wp-json\/wp\/v2\/pages\/206\/revisions"}],"predecessor-version":[{"id":438,"href":"https:\/\/www.productsearch-chile.cl\/index.php\/wp-json\/wp\/v2\/pages\/206\/revisions\/438"}],"wp:attachment":[{"href":"https:\/\/www.productsearch-chile.cl\/index.php\/wp-json\/wp\/v2\/media?parent=206"}],"curies":[{"name":"wp","href":"https:\/\/api.w.org\/{rel}","templated":true}]}}