{"id":217,"date":"2024-01-07T00:38:08","date_gmt":"2024-01-07T00:38:08","guid":{"rendered":"https:\/\/www.productsearch-chile.cl\/?page_id=217"},"modified":"2024-02-01T00:20:20","modified_gmt":"2024-02-01T00:20:20","slug":"noticia-1","status":"publish","type":"page","link":"https:\/\/www.productsearch-chile.cl\/index.php\/noticia-1\/","title":{"rendered":"\u00bfHabilidades Blandas o Habilidades para Adaptarse a los cambios?"},"content":{"rendered":"\n<p class=\"has-text-align-left\">En el \u00e1mbito de los negocios, la administraci\u00f3n del trabajo y el desarrollo de las personas, a quien le puede caber duda la importancia de la comunicaci\u00f3n efectiva, la capacidad de negociaci\u00f3n, el liderazgo, la administraci\u00f3n del tiempo, el trabajo en equipo, entre otros. Lo desafortunado, es que todas las anteriores, se agrupan en lo que denomina \u201cHabilidades Blandas\u201d, lo que resulta muchas veces peyorativo o despectivo.<\/p>\n\n\n\n<p class=\"has-text-align-left\">Sin lugar a duda, en un mundo condicionado por los cambios tecnol\u00f3gicos cada d\u00eda m\u00e1s vertiginosos y radicales, se requiere adquirir esas habilidades en todos los estratos de las organizaciones y a la vez que permitan lograr conexiones efectivas con su entorno, facilitando las din\u00e1micas comunicacionales, de negocio y de desarrollo humano.<\/p>\n\n\n\n<p class=\"has-text-align-left\">Lamentablemente, los sistemas de organizaci\u00f3n de la capacitaci\u00f3n en nuestro pa\u00eds, por a\u00f1os, han degradado a\u00fan las Habilidades Blandas, privilegiando aquellas que derivan del conocimiento t\u00e9cnico, tareas concretas, aplicaci\u00f3n de recetas para concretar un trabajo u otras (Habilidades Duras). En una situaci\u00f3n ideal, ambas deber\u00edan coexistir y valoradas de la misma forma, este equilibrio es necesario para enfrentar una sociedad din\u00e1mica y desafiante.<\/p>\n\n\n\n<p class=\"has-text-align-left\">Dado todo lo anteriormente expuesto, se hace necesario a sepultar el adjetivo \u201cBlando\u201d y transitar r\u00e1pidamente a posicionar el concepto de \u201cHabilidades para la Adaptaci\u00f3n a los Cambios\u201d, estando siempre presentes y a la par en la educaci\u00f3n y adiestramiento en \u201cHabilidades Duras\u201d,&nbsp; facilitar la tan necesaria flexibilidad de los puestos de trabajo en una empresa moderna, atenuar los efectos de la automatizaci\u00f3n y la irrupci\u00f3n de la Inteligencia Artificial&nbsp; y por \u00faltimo permitir la administraci\u00f3n del trabajo y el ocio ya que las din\u00e1micas sociales futuras deber\u00edan apuntar a una sociedad de bienestar en la cual el trabajo es solo una parte de la ecuaci\u00f3n.<\/p>\n","protected":false},"excerpt":{"rendered":"<p>En el \u00e1mbito de los negocios, la administraci\u00f3n del trabajo y el desarrollo de las personas, a quien le puede caber duda la importancia de la comunicaci\u00f3n efectiva, la capacidad de negociaci\u00f3n, el liderazgo, la administraci\u00f3n del tiempo, el trabajo en equipo, entre otros. Lo desafortunado, es que todas las anteriores, se agrupan en lo &hellip; <\/p>\n<p class=\"link-more\"><a href=\"https:\/\/www.productsearch-chile.cl\/index.php\/noticia-1\/\" class=\"more-link\">Continua leyendo<span class=\"screen-reader-text\"> &#8220;\u00bfHabilidades Blandas o Habilidades para Adaptarse a los cambios?&#8221;<\/span><\/a><\/p>\n","protected":false},"author":1,"featured_media":0,"parent":0,"menu_order":0,"comment_status":"closed","ping_status":"closed","template":"","meta":{"footnotes":""},"_links":{"self":[{"href":"https:\/\/www.productsearch-chile.cl\/index.php\/wp-json\/wp\/v2\/pages\/217"}],"collection":[{"href":"https:\/\/www.productsearch-chile.cl\/index.php\/wp-json\/wp\/v2\/pages"}],"about":[{"href":"https:\/\/www.productsearch-chile.cl\/index.php\/wp-json\/wp\/v2\/types\/page"}],"author":[{"embeddable":true,"href":"https:\/\/www.productsearch-chile.cl\/index.php\/wp-json\/wp\/v2\/users\/1"}],"replies":[{"embeddable":true,"href":"https:\/\/www.productsearch-chile.cl\/index.php\/wp-json\/wp\/v2\/comments?post=217"}],"version-history":[{"count":4,"href":"https:\/\/www.productsearch-chile.cl\/index.php\/wp-json\/wp\/v2\/pages\/217\/revisions"}],"predecessor-version":[{"id":297,"href":"https:\/\/www.productsearch-chile.cl\/index.php\/wp-json\/wp\/v2\/pages\/217\/revisions\/297"}],"wp:attachment":[{"href":"https:\/\/www.productsearch-chile.cl\/index.php\/wp-json\/wp\/v2\/media?parent=217"}],"curies":[{"name":"wp","href":"https:\/\/api.w.org\/{rel}","templated":true}]}}