{"id":219,"date":"2024-01-07T00:38:18","date_gmt":"2024-01-07T00:38:18","guid":{"rendered":"https:\/\/www.productsearch-chile.cl\/?page_id=219"},"modified":"2024-04-16T20:31:35","modified_gmt":"2024-04-16T20:31:35","slug":"noticia-2","status":"publish","type":"page","link":"https:\/\/www.productsearch-chile.cl\/index.php\/noticia-2\/","title":{"rendered":"\u00bfEs posible lograr I+D+I para las pymes?"},"content":{"rendered":"\n<h3 class=\"wp-block-heading\">\u00a0La investigaci\u00f3n y Desarrollo indudablemente es una tarea pendiente de nuestro pa\u00eds, las ultimas cifras indican que a nivel nacional el gasto total alcanza a 0,36% del PIB con solamente un 41,2% proveniente del sector empresarial privado. Considerando que los incentivos del estado permiten importantes rebajas tributarias y acceso a proyectos que permiten subsidiarla, las empresas est\u00e1n muy al debe, dando la impresi\u00f3n de que el I+D no es prioridad para la consolidaci\u00f3n y competitividad de los negocios de ellas.<\/h3>\n\n\n\n<p>Sin embargo, los que se acogen a incentivos tributarios para hacer I+D son las grandes empresas, que ocupan sin restricci\u00f3n los instrumentos estatales creados, cabe preguntar si los incentivos est\u00e1n bien puestos, ya que el incentivo premia a aquellos que tienen ventas y utilidades suficientes como para desarrollar investigaci\u00f3n, que muchas veces va m\u00e1s ligada aumentar su riqueza que a generar valor para la sociedad.<\/p>\n\n\n\n<p>Por otra parte, se encuentra la realidad de la Pyme, la que muchas veces realiza I+D en forma intuitiva y espontanea, con desarrollo de iniciativas a nivel de lo que su sector necesita, con desarrollo de productos, optimizaci\u00f3n de cadenas de producci\u00f3n, mejoramiento de equipamiento, entre otros. Se piensa err\u00f3neamente que el I+D es para proyectos nivel NASA, en la cual tienen que intervenir expertos con Doctorados y Post Doctorados en sofisticadas disciplinas, en laboratorios de alta complejidad y con fuertes componentes cient\u00edficos, los que adem\u00e1s involucran grandes desembolsos de dinero que no est\u00e1n al alcance de las empresas de menor tama\u00f1o.<\/p>\n\n\n\n<p>A partir de lo anterior, hemos planteado a las autoridades de CORFO, Hacienda, Econom\u00eda, entre otros, junto a otros Gremios Pymes Empresariales, la necesidad de que las empresas de menor tama\u00f1o accedan al I+D, pero a nivel de los ellas necesitan, con par\u00e1metros e indicadores&nbsp;&nbsp;distintos a los de las grandes empresas, con incentivos diferenciados y el desarrollo de un programa de largo plazo que involucre, difusi\u00f3n efectiva, capacitaci\u00f3n, creaci\u00f3n de un ecosistema este dispuesto a trabajar con Pymes y un estado que est\u00e9 dispuesto a invertir en I+D a escala de empresas de menor tama\u00f1o.<\/p>\n\n\n\n<p>Para ello, se requiere que la academia adapte sus \u00e1reas de investigaci\u00f3n a la Pyme, que los investigadores est\u00e9n dispuestos a trabajar con las singularidades del sector, que se abran los cientos de laboratorios existentes, muchos de ellos financiados por el estado, al uso de los empresarios Pymes. En esta misi\u00f3n, vemos fundamental el rol de los gremios, los cuales pueden ser el puente entre sus empresarios asociados, la academia y el estado.<\/p>\n\n\n\n<p>Otra barrera que se deben romper es la reticencia de los \u201cejecutivos de proyectos\u201d de los organismos estatales vinculados al I+D, a aceptar proyectos que no provengan de la gran empresa, que tengan presupuestos de menor cuant\u00eda y que los desaf\u00edos tecnol\u00f3gicos no sean de impacto mundial o aspirantes a un Premio Nobel. Lo anterior, requiere reeducar a los profesionales y poner incentivos para cambiar el paradigma del acceso del I+D a sectores empresariales medios.<\/p>\n\n\n\n<p>La respuesta a la pregunta inicial es \u201cSi es posible\u201d, pero requiere cambios importantes de los actores involucrados y un cambio de visi\u00f3n de lo que entendemos por I+D.<\/p>\n\n\n\n<p>\u00a0<a href=\"https:\/\/submarinoeconomico.blogspot.com\/2024\/04\/es-posible-lograr-idi-para-las-pymes.html?m=1\"><abbr title=\"2024-04-03T12:27:00-07:00\">abril 03, 2024<\/abbr><\/a><\/p>\n","protected":false},"excerpt":{"rendered":"<p>\u00a0La investigaci\u00f3n y Desarrollo indudablemente es una tarea pendiente de nuestro pa\u00eds, las ultimas cifras indican que a nivel nacional el gasto total alcanza a 0,36% del PIB con solamente un 41,2% proveniente del sector empresarial privado. Considerando que los incentivos del estado permiten importantes rebajas tributarias y acceso a proyectos que permiten subsidiarla, las &hellip; <\/p>\n<p class=\"link-more\"><a href=\"https:\/\/www.productsearch-chile.cl\/index.php\/noticia-2\/\" class=\"more-link\">Continua leyendo<span class=\"screen-reader-text\"> &#8220;\u00bfEs posible lograr I+D+I para las pymes?&#8221;<\/span><\/a><\/p>\n","protected":false},"author":1,"featured_media":0,"parent":0,"menu_order":0,"comment_status":"closed","ping_status":"closed","template":"","meta":{"footnotes":""},"_links":{"self":[{"href":"https:\/\/www.productsearch-chile.cl\/index.php\/wp-json\/wp\/v2\/pages\/219"}],"collection":[{"href":"https:\/\/www.productsearch-chile.cl\/index.php\/wp-json\/wp\/v2\/pages"}],"about":[{"href":"https:\/\/www.productsearch-chile.cl\/index.php\/wp-json\/wp\/v2\/types\/page"}],"author":[{"embeddable":true,"href":"https:\/\/www.productsearch-chile.cl\/index.php\/wp-json\/wp\/v2\/users\/1"}],"replies":[{"embeddable":true,"href":"https:\/\/www.productsearch-chile.cl\/index.php\/wp-json\/wp\/v2\/comments?post=219"}],"version-history":[{"count":3,"href":"https:\/\/www.productsearch-chile.cl\/index.php\/wp-json\/wp\/v2\/pages\/219\/revisions"}],"predecessor-version":[{"id":385,"href":"https:\/\/www.productsearch-chile.cl\/index.php\/wp-json\/wp\/v2\/pages\/219\/revisions\/385"}],"wp:attachment":[{"href":"https:\/\/www.productsearch-chile.cl\/index.php\/wp-json\/wp\/v2\/media?parent=219"}],"curies":[{"name":"wp","href":"https:\/\/api.w.org\/{rel}","templated":true}]}}