{"id":26,"date":"2020-07-05T02:25:40","date_gmt":"2020-07-05T02:25:40","guid":{"rendered":"http:\/\/www.productsearch-chile.cl\/?page_id=26"},"modified":"2025-10-20T01:12:13","modified_gmt":"2025-10-20T01:12:13","slug":"inteligencia-de-mercados","status":"publish","type":"page","link":"https:\/\/www.productsearch-chile.cl\/index.php\/inteligencia-de-mercados\/","title":{"rendered":"\ud83c\udff7\ufe0f Soluciones Integrales en Gesti\u00f3n de Inventarios"},"content":{"rendered":"\n<h3 class=\"wp-block-heading\"><strong>Gesti\u00f3n y Control de Inventarios<\/strong><\/h3>\n\n\n\n<p>En <strong>Product Search Consulting<\/strong> ofrecemos soluciones integrales para la <strong>toma de inventario f\u00edsico, conciliaci\u00f3n contable, codificaci\u00f3n, marcaje y valorizaci\u00f3n de bienes<\/strong>, asegurando precisi\u00f3n, trazabilidad y cumplimiento normativo en cada etapa del proceso.<\/p>\n\n\n\n<p>Un inventario es un registro detallado de los bienes y activos que posee una empresa en un momento determinado. Este control permite conocer la cantidad, el valor y la ubicaci\u00f3n de cada elemento, facilitando una gesti\u00f3n eficiente de los recursos y una planificaci\u00f3n financiera m\u00e1s precisa.<\/p>\n\n\n\n<p>Nuestro servicio de <strong>Gesti\u00f3n de Inventarios<\/strong> considera las siguientes etapas:<\/p>\n\n\n\n<ol>\n<li><strong>Recopilaci\u00f3n de datos:<\/strong> levantamiento y verificaci\u00f3n de informaci\u00f3n sobre los bienes existentes, incluyendo descripci\u00f3n, cantidad y valor unitario.<\/li>\n\n\n\n<li><strong>Conteo f\u00edsico:<\/strong> revisi\u00f3n presencial de los activos para comparar con los registros contables y detectar posibles diferencias.<\/li>\n\n\n\n<li><strong>Clasificaci\u00f3n y organizaci\u00f3n:<\/strong> categorizaci\u00f3n de bienes seg\u00fan tipo, uso o ubicaci\u00f3n, para optimizar su control y administraci\u00f3n.<\/li>\n\n\n\n<li><strong>Evaluaci\u00f3n y valorizaci\u00f3n:<\/strong> determinaci\u00f3n del valor de los activos mediante m\u00e9todos reconocidos como costo promedio, costo espec\u00edfico o valor de mercado.<\/li>\n\n\n\n<li><strong>Actualizaci\u00f3n de registros:<\/strong> integraci\u00f3n de la informaci\u00f3n en los sistemas contables y de gesti\u00f3n, reflejando con exactitud la situaci\u00f3n real del inventario.<\/li>\n<\/ol>\n\n\n\n<p>Un <strong>inventario bien gestionado<\/strong> es clave para mejorar la eficiencia operativa, mantener el equilibrio entre oferta y demanda, y fortalecer la toma de decisiones estrat\u00e9gicas dentro de la empresa.<\/p>\n\n\n\n<p><\/p>\n\n\n\n<figure class=\"wp-block-image size-full is-resized\"><img loading=\"lazy\" decoding=\"async\" width=\"640\" height=\"640\" src=\"https:\/\/www.productsearch-chile.cl\/wp-content\/uploads\/2024\/02\/WhatsApp-Image-2024-02-23-at-17.33.47.jpeg\" alt=\"\" class=\"wp-image-327\" style=\"width:677px;height:auto\" srcset=\"https:\/\/www.productsearch-chile.cl\/wp-content\/uploads\/2024\/02\/WhatsApp-Image-2024-02-23-at-17.33.47.jpeg 640w, https:\/\/www.productsearch-chile.cl\/wp-content\/uploads\/2024\/02\/WhatsApp-Image-2024-02-23-at-17.33.47-300x300.jpeg 300w, https:\/\/www.productsearch-chile.cl\/wp-content\/uploads\/2024\/02\/WhatsApp-Image-2024-02-23-at-17.33.47-150x150.jpeg 150w, https:\/\/www.productsearch-chile.cl\/wp-content\/uploads\/2024\/02\/WhatsApp-Image-2024-02-23-at-17.33.47-100x100.jpeg 100w\" sizes=\"(max-width: 640px) 100vw, 640px\" \/><\/figure>\n\n\n\n<figure class=\"wp-block-image size-large\"><img loading=\"lazy\" decoding=\"async\" width=\"1024\" height=\"576\" src=\"https:\/\/www.productsearch-chile.cl\/wp-content\/uploads\/2024\/02\/WhatsApp-Image-2024-02-23-at-17.37.50-1024x576.jpeg\" alt=\"\" class=\"wp-image-329\" srcset=\"https:\/\/www.productsearch-chile.cl\/wp-content\/uploads\/2024\/02\/WhatsApp-Image-2024-02-23-at-17.37.50-1024x576.jpeg 1024w, https:\/\/www.productsearch-chile.cl\/wp-content\/uploads\/2024\/02\/WhatsApp-Image-2024-02-23-at-17.37.50-300x169.jpeg 300w, https:\/\/www.productsearch-chile.cl\/wp-content\/uploads\/2024\/02\/WhatsApp-Image-2024-02-23-at-17.37.50-768x432.jpeg 768w, https:\/\/www.productsearch-chile.cl\/wp-content\/uploads\/2024\/02\/WhatsApp-Image-2024-02-23-at-17.37.50.jpeg 1280w\" sizes=\"(max-width: 767px) 89vw, (max-width: 1000px) 54vw, (max-width: 1071px) 543px, 580px\" \/><\/figure>\n","protected":false},"excerpt":{"rendered":"<p>Gesti\u00f3n y Control de Inventarios En Product Search Consulting ofrecemos soluciones integrales para la toma de inventario f\u00edsico, conciliaci\u00f3n contable, codificaci\u00f3n, marcaje y valorizaci\u00f3n de bienes, asegurando precisi\u00f3n, trazabilidad y cumplimiento normativo en cada etapa del proceso. Un inventario es un registro detallado de los bienes y activos que posee una empresa en un momento &hellip; <\/p>\n<p class=\"link-more\"><a href=\"https:\/\/www.productsearch-chile.cl\/index.php\/inteligencia-de-mercados\/\" class=\"more-link\">Continua leyendo<span class=\"screen-reader-text\"> &#8220;\ud83c\udff7\ufe0f Soluciones Integrales en Gesti\u00f3n de Inventarios&#8221;<\/span><\/a><\/p>\n","protected":false},"author":1,"featured_media":0,"parent":0,"menu_order":0,"comment_status":"closed","ping_status":"closed","template":"","meta":{"footnotes":""},"_links":{"self":[{"href":"https:\/\/www.productsearch-chile.cl\/index.php\/wp-json\/wp\/v2\/pages\/26"}],"collection":[{"href":"https:\/\/www.productsearch-chile.cl\/index.php\/wp-json\/wp\/v2\/pages"}],"about":[{"href":"https:\/\/www.productsearch-chile.cl\/index.php\/wp-json\/wp\/v2\/types\/page"}],"author":[{"embeddable":true,"href":"https:\/\/www.productsearch-chile.cl\/index.php\/wp-json\/wp\/v2\/users\/1"}],"replies":[{"embeddable":true,"href":"https:\/\/www.productsearch-chile.cl\/index.php\/wp-json\/wp\/v2\/comments?post=26"}],"version-history":[{"count":11,"href":"https:\/\/www.productsearch-chile.cl\/index.php\/wp-json\/wp\/v2\/pages\/26\/revisions"}],"predecessor-version":[{"id":426,"href":"https:\/\/www.productsearch-chile.cl\/index.php\/wp-json\/wp\/v2\/pages\/26\/revisions\/426"}],"wp:attachment":[{"href":"https:\/\/www.productsearch-chile.cl\/index.php\/wp-json\/wp\/v2\/media?parent=26"}],"curies":[{"name":"wp","href":"https:\/\/api.w.org\/{rel}","templated":true}]}}