{"id":58,"date":"2020-07-05T02:45:32","date_gmt":"2020-07-05T02:45:32","guid":{"rendered":"http:\/\/www.productsearch-chile.cl\/?page_id=58"},"modified":"2025-10-20T02:10:21","modified_gmt":"2025-10-20T02:10:21","slug":"inicio","status":"publish","type":"page","link":"https:\/\/www.productsearch-chile.cl\/","title":{"rendered":"Somos &#8230;"},"content":{"rendered":"\n<p><strong>Product Search Consulting Chile Spa<\/strong>.<\/p>\n\n\n\n<p>En <strong>Product Search Consulting<\/strong> creemos en el poder de la experiencia, la estrategia y la innovaci\u00f3n para fortalecer a las <strong>PYMES chilenas<\/strong> y acompa\u00f1arlas en su crecimiento hacia nuevos mercados.<\/p>\n\n\n\n<p>Somos un equipo de profesionales con m\u00e1s de <strong>20 a\u00f1os de trayectoria en Chile y el extranjero<\/strong>, especializados en <strong>ingenier\u00eda, finanzas, gesti\u00f3n comercial, marketing, tecnolog\u00eda e internacionalizaci\u00f3n de negocios<\/strong>. Nuestra misi\u00f3n es entregar soluciones integrales que impulsen la <strong>competitividad, eficiencia y transformaci\u00f3n digital<\/strong> de las empresas.<\/p>\n\n\n\n<p>Nos mueve un prop\u00f3sito claro: <strong>apoyar a las organizaciones a evolucionar con los nuevos modelos productivos y de gesti\u00f3n<\/strong> que exige la <strong>Industria 4.0<\/strong>, adapt\u00e1ndonos a los desaf\u00edos tecnol\u00f3gicos y de sostenibilidad del entorno actual.<\/p>\n\n\n\n<p><strong>Product Search Consulting<\/strong> es liderada por una <strong>mujer profesional<\/strong> con destacada experiencia en <strong>gesti\u00f3n de proyectos y apertura de mercados internacionales<\/strong>, quien impuls\u00f3 la marca <em>Chile Manufactura<\/em> junto a <strong>ASEXMA Chile<\/strong> durante casi una d\u00e9cada, promoviendo la presencia de la industria nacional en el mundo.<\/p>\n\n\n\n<p>Contamos con el <a href=\"https:\/\/www.youtube.com\/watch?v=kV_NXH26KA0\"><strong>Sello Empresa Mujer<\/strong>,<\/a> reconocimiento que refuerza nuestro compromiso con el liderazgo colaborativo, la equidad de g\u00e9nero y la creaci\u00f3n de entornos laborales inclusivos. Adem\u00e1s, somos <strong>proveedores del Estado<\/strong>, lo que avala la calidad, seriedad y excelencia de nuestros procesos.<\/p>\n\n\n\n<p><strong>En Product Search Consulting trabajamos junto a las empresas para convertir sus desaf\u00edos en oportunidades y sus ideas en resultados.<\/strong><\/p>\n\n\n\n<p><\/p>\n\n\n\n<p><a href=\"https:\/\/drive.google.com\/file\/d\/1BMYuCKF88kWY4Weo8DjeAOUDQ1VNQcCG\/view?usp=sharing\">Reglamento Interno de Product Search SpA<\/a><\/p>\n\n\n\n<p><a href=\"https:\/\/drive.google.com\/file\/d\/1_k7SeKZoUf1ch2Sxtn1lz4wIfjujJl4T\/view?usp=sharing\">Programa de Integridad y Cumplimiento<\/a><\/p>\n\n\n\n<p><\/p>\n","protected":false},"excerpt":{"rendered":"<p>Product Search Consulting Chile Spa. En Product Search Consulting creemos en el poder de la experiencia, la estrategia y la innovaci\u00f3n para fortalecer a las PYMES chilenas y acompa\u00f1arlas en su crecimiento hacia nuevos mercados. Somos un equipo de profesionales con m\u00e1s de 20 a\u00f1os de trayectoria en Chile y el extranjero, especializados en ingenier\u00eda, &hellip; <\/p>\n<p class=\"link-more\"><a href=\"https:\/\/www.productsearch-chile.cl\/\" class=\"more-link\">Continua leyendo<span class=\"screen-reader-text\"> &#8220;Somos &#8230;&#8221;<\/span><\/a><\/p>\n","protected":false},"author":1,"featured_media":0,"parent":0,"menu_order":0,"comment_status":"closed","ping_status":"closed","template":"","meta":{"footnotes":""},"_links":{"self":[{"href":"https:\/\/www.productsearch-chile.cl\/index.php\/wp-json\/wp\/v2\/pages\/58"}],"collection":[{"href":"https:\/\/www.productsearch-chile.cl\/index.php\/wp-json\/wp\/v2\/pages"}],"about":[{"href":"https:\/\/www.productsearch-chile.cl\/index.php\/wp-json\/wp\/v2\/types\/page"}],"author":[{"embeddable":true,"href":"https:\/\/www.productsearch-chile.cl\/index.php\/wp-json\/wp\/v2\/users\/1"}],"replies":[{"embeddable":true,"href":"https:\/\/www.productsearch-chile.cl\/index.php\/wp-json\/wp\/v2\/comments?post=58"}],"version-history":[{"count":21,"href":"https:\/\/www.productsearch-chile.cl\/index.php\/wp-json\/wp\/v2\/pages\/58\/revisions"}],"predecessor-version":[{"id":446,"href":"https:\/\/www.productsearch-chile.cl\/index.php\/wp-json\/wp\/v2\/pages\/58\/revisions\/446"}],"wp:attachment":[{"href":"https:\/\/www.productsearch-chile.cl\/index.php\/wp-json\/wp\/v2\/media?parent=58"}],"curies":[{"name":"wp","href":"https:\/\/api.w.org\/{rel}","templated":true}]}}